{"id":84,"date":"2023-11-02T15:05:33","date_gmt":"2023-11-02T14:05:33","guid":{"rendered":"https:\/\/cts-frasnoy.fr\/?page_id=84"},"modified":"2023-11-03T10:01:04","modified_gmt":"2023-11-03T09:01:04","slug":"tir-controle","status":"publish","type":"page","link":"https:\/\/cts-frasnoy.fr\/?page_id=84","title":{"rendered":"H &#8211; TIR CONTROLE"},"content":{"rendered":"\n<p><strong><em><u>S\u00e9ances de tir contr\u00f4l\u00e9<\/u><\/em><\/strong><\/p>\n\n\n\n<p><em>Suite \u00e0 l&rsquo;annulation par d\u00e9cret de l&rsquo;utilisation des carnets de tir, les tireurs ne sont plus soumis \u00e0 effectuer 3 s\u00e9ances de tir contr\u00f4l\u00e9 par an. <\/em><\/p>\n\n\n\n<p><em>Cependant, <strong>pour les nouveaux licenci\u00e9s d\u00e9sirant faire une demande d&rsquo;autorisation d&rsquo;acquisition d&rsquo;arme<\/strong> au bout de 6 mois de pratique, ils devront avoir effectu\u00e9 au moins 3 s\u00e9ances de tir contr\u00f4l\u00e9 afin de pouvoir valider leur demande<\/em>. <em>Ces s\u00e9ances seront consign\u00e9es dans un registre.<\/em><\/p>\n\n\n\n<p class=\"has-vivid-red-color has-pale-cyan-blue-background-color has-text-color has-background\"><strong><em>Nous rappelons que notre r\u00e8glement int\u00e9rieur (ant\u00e9rieur \u00e0 la cr\u00e9ation du carnet de tir) demande \u00e0 chaque licenci\u00e9 possesseur d&rsquo;au moins une arme soumise \u00e0 autorisation de d\u00e9tention de pratiquer au moins une fois par mois.<\/em><\/strong><\/p>\n","protected":false},"excerpt":{"rendered":"<p>S\u00e9ances de tir contr\u00f4l\u00e9 Suite \u00e0 l&rsquo;annulation par d\u00e9cret de l&rsquo;utilisation des carnets de tir, les tireurs ne sont plus soumis \u00e0 effectuer 3 s\u00e9ances de tir contr\u00f4l\u00e9 par an. Cependant, pour les nouveaux licenci\u00e9s d\u00e9sirant faire une demande d&rsquo;autorisation d&rsquo;acquisition d&rsquo;arme au bout de 6 mois de pratique, ils devront avoir effectu\u00e9 au moins [&hellip;]<\/p>\n","protected":false},"author":1,"featured_media":0,"parent":0,"menu_order":0,"comment_status":"closed","ping_status":"closed","template":"","meta":{"footnotes":""},"class_list":["post-84","page","type-page","status-publish","hentry"],"_links":{"self":[{"href":"https:\/\/cts-frasnoy.fr\/index.php?rest_route=\/wp\/v2\/pages\/84","targetHints":{"allow":["GET"]}}],"collection":[{"href":"https:\/\/cts-frasnoy.fr\/index.php?rest_route=\/wp\/v2\/pages"}],"about":[{"href":"https:\/\/cts-frasnoy.fr\/index.php?rest_route=\/wp\/v2\/types\/page"}],"author":[{"embeddable":true,"href":"https:\/\/cts-frasnoy.fr\/index.php?rest_route=\/wp\/v2\/users\/1"}],"replies":[{"embeddable":true,"href":"https:\/\/cts-frasnoy.fr\/index.php?rest_route=%2Fwp%2Fv2%2Fcomments&post=84"}],"version-history":[{"count":3,"href":"https:\/\/cts-frasnoy.fr\/index.php?rest_route=\/wp\/v2\/pages\/84\/revisions"}],"predecessor-version":[{"id":178,"href":"https:\/\/cts-frasnoy.fr\/index.php?rest_route=\/wp\/v2\/pages\/84\/revisions\/178"}],"wp:attachment":[{"href":"https:\/\/cts-frasnoy.fr\/index.php?rest_route=%2Fwp%2Fv2%2Fmedia&parent=84"}],"curies":[{"name":"wp","href":"https:\/\/api.w.org\/{rel}","templated":true}]}}