{"id":80,"date":"2023-11-02T14:51:06","date_gmt":"2023-11-02T13:51:06","guid":{"rendered":"https:\/\/cts-frasnoy.fr\/?page_id=80"},"modified":"2023-11-11T18:19:09","modified_gmt":"2023-11-11T17:19:09","slug":"horaires-contacts","status":"publish","type":"page","link":"https:\/\/cts-frasnoy.fr\/?page_id=80","title":{"rendered":"F &#8211; HORAIRES &#038; CONTACTS"},"content":{"rendered":"<p class=\"western\" align=\"JUSTIFY\"><em><u><strong>HORAIRES<\/strong> <\/u><\/em><\/p>\n<p class=\"western\"><strong><em><u>Les pas de tir sont accessibles aux horaires suivants :<\/u><\/em><\/strong><\/p>\n<p class=\"western\"><em>&#8211; Le samedi apr\u00e8s-midi : <strong>14h00<\/strong> \u00e0 <strong>18h30<\/strong>.<\/em><\/p>\n<p class=\"western\"><em>&#8211; Le dimanche matin : <strong>09h00<\/strong> \u00e0 <strong>12h00<\/strong>.<\/em><\/p>\n<p class=\"western\"><em>&#8211; Le mercredi\u00a0 de <strong>14h00<\/strong> \u00e0 <strong>18h00<\/strong> pour l&rsquo;entra\u00eenement des comp\u00e9titeurs.<\/em><\/p>\n<p><em>&#8211; Le vendredi apr\u00e8s-midi de <strong>14h00<\/strong> \u00e0 <strong>18h00<\/strong> (sur demande).<\/em><\/p>\n<p class=\"western\"><em><strong><u>CONTACT<\/u><\/strong><\/em><\/p>\n<p class=\"western\"><strong>Mail :<\/strong> <em><a href=\"mailto:cts.frasnoy@orange.fr\">cts.frasnoy@wanadoo.fr<\/a><\/em><\/p>\n<p class=\"western\"><strong>T\u00e9l :<\/strong><em> 03.27.25.31.99 (samedi 14h00-19h00 \/ dimanche 09h00-12h00)<\/em><\/p>\n<p class=\"western\"><strong><u>SITE INTERNET<\/u><\/strong><\/p>\n<p class=\"western\"><em><a href=\"https:\/\/cts-frasnoy.fr\">https:\/\/cts-frasnoy.fr<\/a><\/em><\/p>\n","protected":false},"excerpt":{"rendered":"<p>HORAIRES Les pas de tir sont accessibles aux horaires suivants : &#8211; Le samedi apr\u00e8s-midi : 14h00 \u00e0 18h30. &#8211; Le dimanche matin : 09h00 \u00e0 12h00. &#8211; Le mercredi\u00a0 de 14h00 \u00e0 18h00 pour l&rsquo;entra\u00eenement des comp\u00e9titeurs. &#8211; Le vendredi apr\u00e8s-midi de 14h00 \u00e0 18h00 (sur demande). CONTACT Mail : cts.frasnoy@wanadoo.fr T\u00e9l : 03.27.25.31.99 [&hellip;]<\/p>\n","protected":false},"author":1,"featured_media":0,"parent":0,"menu_order":0,"comment_status":"closed","ping_status":"closed","template":"","meta":{"footnotes":""},"class_list":["post-80","page","type-page","status-publish","hentry"],"_links":{"self":[{"href":"https:\/\/cts-frasnoy.fr\/index.php?rest_route=\/wp\/v2\/pages\/80","targetHints":{"allow":["GET"]}}],"collection":[{"href":"https:\/\/cts-frasnoy.fr\/index.php?rest_route=\/wp\/v2\/pages"}],"about":[{"href":"https:\/\/cts-frasnoy.fr\/index.php?rest_route=\/wp\/v2\/types\/page"}],"author":[{"embeddable":true,"href":"https:\/\/cts-frasnoy.fr\/index.php?rest_route=\/wp\/v2\/users\/1"}],"replies":[{"embeddable":true,"href":"https:\/\/cts-frasnoy.fr\/index.php?rest_route=%2Fwp%2Fv2%2Fcomments&post=80"}],"version-history":[{"count":6,"href":"https:\/\/cts-frasnoy.fr\/index.php?rest_route=\/wp\/v2\/pages\/80\/revisions"}],"predecessor-version":[{"id":193,"href":"https:\/\/cts-frasnoy.fr\/index.php?rest_route=\/wp\/v2\/pages\/80\/revisions\/193"}],"wp:attachment":[{"href":"https:\/\/cts-frasnoy.fr\/index.php?rest_route=%2Fwp%2Fv2%2Fmedia&parent=80"}],"curies":[{"name":"wp","href":"https:\/\/api.w.org\/{rel}","templated":true}]}}