{"id":74,"date":"2023-11-02T14:42:23","date_gmt":"2023-11-02T13:42:23","guid":{"rendered":"https:\/\/cts-frasnoy.fr\/?page_id=74"},"modified":"2023-11-03T10:00:20","modified_gmt":"2023-11-03T09:00:20","slug":"le-blason","status":"publish","type":"page","link":"https:\/\/cts-frasnoy.fr\/?page_id=74","title":{"rendered":"D &#8211; LE BLASON"},"content":{"rendered":"\n<figure class=\"wp-block-image size-large\"><img loading=\"lazy\" decoding=\"async\" width=\"1024\" height=\"551\" src=\"http:\/\/cts-frasnoy.fr\/wp-content\/uploads\/2023\/11\/Blason-1024x551.jpg\" alt=\"\" class=\"wp-image-169\" srcset=\"https:\/\/cts-frasnoy.fr\/wp-content\/uploads\/2023\/11\/Blason-1024x551.jpg 1024w, https:\/\/cts-frasnoy.fr\/wp-content\/uploads\/2023\/11\/Blason-300x161.jpg 300w, https:\/\/cts-frasnoy.fr\/wp-content\/uploads\/2023\/11\/Blason-768x413.jpg 768w, https:\/\/cts-frasnoy.fr\/wp-content\/uploads\/2023\/11\/Blason-1536x826.jpg 1536w, https:\/\/cts-frasnoy.fr\/wp-content\/uploads\/2023\/11\/Blason.jpg 1814w\" sizes=\"auto, (max-width: 1024px) 100vw, 1024px\" \/><\/figure>\n\n\n<p class=\"western\"><strong><em>Le blason, un peu particulier<\/em>,<em> m\u00e9rite quelques explications. Sa forme , ses couleurs, ses dessins t\u00e9moignent du pass\u00e9 de notre village.<\/em><\/strong><\/p>\n<p class=\"western\"><strong><em>Au XVII \u00e8me si\u00e8cle, la seigneurie \u00ab\u00a0Desfontaines\u00a0\u00bb, famille de nobles qui habitait le ch\u00e2teau de Frasnoy<\/em> <em>cr\u00e9a ses armoiries<\/em>. <em>La forme est rectangulaire dans sa partie haute et ogivale dans sa partie basse et ressemble \u00e0 un bouclier. Il est peint de pals (bandes) verticaux bleus et ors.<\/em> <em>Au milieu figure une tour de ch\u00e2teau fort. Nous pouvons penser que le bleu repr\u00e9sente la vie, l&rsquo;or la richesse, la tour la force et l&rsquo;honorabilit\u00e9 des seigneurs.<\/em><\/strong><\/p>\n<p class=\"western\"><strong><em>Plus tard, avant la r\u00e9volution, les magistrats municipaux cr\u00e9\u00e8rent leur \u00e9chevinal. Il a la forme d&rsquo;un \u00e9cu d&rsquo;or aplati et se divise en quatre parties<\/em>. <em>Sur deux cot\u00e9s oppos\u00e9s sont dessin\u00e9s des \u00e9l\u00e9phants, sur les deux autres cot\u00e9s des chicots (branches) de bois br\u00fbl\u00e9s. Ces repr\u00e9sentations font allusion au fait que Frasnoy, de part son voisinage avec la place forte de Le Quesnoy, eut \u00e0 souffrir en maintes circonstances de la pr\u00e9sence de l&rsquo;\u00e9tranger.<\/em><\/strong><\/p>\n<p class=\"western\"><strong><em>Citons quelques faits:<\/em><\/strong><\/p>\n<p class=\"western\"><strong><em>&#8211; En 1340, le Duc de Normandie br\u00fbla le village pour se venger de l&rsquo;\u00e9chec subi au Quesnoy.<\/em><\/strong><\/p>\n<p class=\"western\"><strong><em>&#8211; En 1477, Louis XI assi\u00e9gea Le Quesnoy et Frasnoy fut pill\u00e9 par les Fran\u00e7ais. Le ch\u00e2teau fort fut livr\u00e9 aux flammes. Le 6 juin, l&rsquo;Archiduc d&rsquo;Autriche qui pensait surprendre Le Quesnoy pilla et br\u00fbla Frasnoy sur son passage.<\/em><\/strong><\/p>\n<p class=\"western\"><strong><em>&#8211; En juillet 1543, Charles Quint passe \u00e0 Frasnoy mais l&rsquo;histoire ne dit pas comment il a laiss\u00e9 le village.<\/em><\/strong><\/p>\n<p class=\"western\"><strong><em>&#8211; En 1625, le grand froid hivernal et les grandes pluies d&rsquo;\u00e9t\u00e9 an\u00e9antirent les r\u00e9coltes qu&rsquo;il fallut br\u00fbler.<\/em><\/strong><\/p>\n<p class=\"western\"><strong><em>Voil\u00e0 pour l&rsquo;histoire. Nous comprenons pourquoi l&rsquo;\u00e9chevinal comporte des chicots de bois br\u00fbl\u00e9s. Les \u00e9l\u00e9phants symbolisent force, courage et docilit\u00e9 des habitants qui, apr\u00e8s chaque catastrophe , reconstruisaient le village sans jamais succomber \u00e0 la d\u00e9tresse.<\/em><\/strong><\/p>\n<p class=\"western\"><strong><em>Notre blason est charg\u00e9 de tout ce pass\u00e9 auquel nous sommes attach\u00e9s. Nous avons ajout\u00e9 une arme d&rsquo;\u00e9paule et une de poing. L&rsquo;arbre pr\u00e8s de la tour est un fr\u00eane qui est l&rsquo;\u00e9tymologie de Frasnoy.<\/em><\/strong><\/p>","protected":false},"excerpt":{"rendered":"<p>Le blason, un peu particulier, m\u00e9rite quelques explications. Sa forme , ses couleurs, ses dessins t\u00e9moignent du pass\u00e9 de notre village. Au XVII \u00e8me si\u00e8cle, la seigneurie \u00ab\u00a0Desfontaines\u00a0\u00bb, famille de nobles qui habitait le ch\u00e2teau de Frasnoy cr\u00e9a ses armoiries. La forme est rectangulaire dans sa partie haute et ogivale dans sa partie basse et [&hellip;]<\/p>\n","protected":false},"author":1,"featured_media":0,"parent":0,"menu_order":0,"comment_status":"closed","ping_status":"closed","template":"","meta":{"footnotes":""},"class_list":["post-74","page","type-page","status-publish","hentry"],"_links":{"self":[{"href":"https:\/\/cts-frasnoy.fr\/index.php?rest_route=\/wp\/v2\/pages\/74","targetHints":{"allow":["GET"]}}],"collection":[{"href":"https:\/\/cts-frasnoy.fr\/index.php?rest_route=\/wp\/v2\/pages"}],"about":[{"href":"https:\/\/cts-frasnoy.fr\/index.php?rest_route=\/wp\/v2\/types\/page"}],"author":[{"embeddable":true,"href":"https:\/\/cts-frasnoy.fr\/index.php?rest_route=\/wp\/v2\/users\/1"}],"replies":[{"embeddable":true,"href":"https:\/\/cts-frasnoy.fr\/index.php?rest_route=%2Fwp%2Fv2%2Fcomments&post=74"}],"version-history":[{"count":7,"href":"https:\/\/cts-frasnoy.fr\/index.php?rest_route=\/wp\/v2\/pages\/74\/revisions"}],"predecessor-version":[{"id":184,"href":"https:\/\/cts-frasnoy.fr\/index.php?rest_route=\/wp\/v2\/pages\/74\/revisions\/184"}],"wp:attachment":[{"href":"https:\/\/cts-frasnoy.fr\/index.php?rest_route=%2Fwp%2Fv2%2Fmedia&parent=74"}],"curies":[{"name":"wp","href":"https:\/\/api.w.org\/{rel}","templated":true}]}}