{"id":72,"date":"2023-11-02T14:37:07","date_gmt":"2023-11-02T13:37:07","guid":{"rendered":"https:\/\/cts-frasnoy.fr\/?page_id=72"},"modified":"2023-11-03T10:00:10","modified_gmt":"2023-11-03T09:00:10","slug":"le-club","status":"publish","type":"page","link":"https:\/\/cts-frasnoy.fr\/?page_id=72","title":{"rendered":"C &#8211; LE CLUB"},"content":{"rendered":"<p><strong><em>Le club dispose de :<\/em><\/strong><\/p>\n<p><strong><em>&#8211; 5 pas de tir 25 m<\/em><\/strong><\/p>\n<p><strong><em>&#8211; 5 pas de tir 10 m<\/em><\/strong><\/p>\n<p><strong><em>Ces pas de tir sont homologu\u00e9s par la F\u00e9d\u00e9ration Fran\u00e7aise de Tir.<\/em><\/strong><\/p>\n<p><strong><em>&#8211; Un club house \/ un secr\u00e9tariat \/ une salle de r\u00e9union.<\/em><\/strong><\/p>\n\n\n<p class=\"has-pale-cyan-blue-background-color has-background\"><em><strong>L&rsquo;effectif actuel (02\/11\/2023) est de 106 licenci\u00e9s r\u00e9partis de la fa\u00e7on suivante : 9 jeunes dont 2 filles, 90 hommes et 7 dames.<\/strong><\/em><\/p>\n\n\n<p><em><strong>Essentiellement du tir aux armes de poing (pistolets et revolvers).<\/strong><\/em><\/p>\n\n\n<p class=\"has-pale-cyan-blue-background-color has-background\"><strong><em>Affili\u00e9 \u00e0 la F\u00e9d\u00e9ration Fran\u00e7aise de Tir sous le num\u00e9ro 15 59 012.<\/em><\/strong><br><br><strong><em>Homologation F.F.T. n\u00b0 756<\/em><\/strong><br><br><strong><em>Agr\u00e9\u00e9 par la D.R.D.J.S. sous le num\u00e9ro ET 0391 (exploitation d&rsquo;\u00e9tablissement)<\/em><\/strong><br><br><strong><em>num\u00e9ro 59S2523 (groupement sportif)<\/em><\/strong><br><br><strong><em>N\u00b0 SIREN 448 098 202 &#8211; N\u00b0 SIRET 448 098 202 00022 &#8211; Code APE 9312Z<\/em><\/strong><\/p>\n","protected":false},"excerpt":{"rendered":"<p>Le club dispose de : &#8211; 5 pas de tir 25 m &#8211; 5 pas de tir 10 m Ces pas de tir sont homologu\u00e9s par la F\u00e9d\u00e9ration Fran\u00e7aise de Tir. &#8211; Un club house \/ un secr\u00e9tariat \/ une salle de r\u00e9union. L&rsquo;effectif actuel (02\/11\/2023) est de 106 licenci\u00e9s r\u00e9partis de la fa\u00e7on suivante [&hellip;]<\/p>\n","protected":false},"author":1,"featured_media":0,"parent":0,"menu_order":0,"comment_status":"closed","ping_status":"closed","template":"","meta":{"footnotes":""},"class_list":["post-72","page","type-page","status-publish","hentry"],"_links":{"self":[{"href":"https:\/\/cts-frasnoy.fr\/index.php?rest_route=\/wp\/v2\/pages\/72","targetHints":{"allow":["GET"]}}],"collection":[{"href":"https:\/\/cts-frasnoy.fr\/index.php?rest_route=\/wp\/v2\/pages"}],"about":[{"href":"https:\/\/cts-frasnoy.fr\/index.php?rest_route=\/wp\/v2\/types\/page"}],"author":[{"embeddable":true,"href":"https:\/\/cts-frasnoy.fr\/index.php?rest_route=\/wp\/v2\/users\/1"}],"replies":[{"embeddable":true,"href":"https:\/\/cts-frasnoy.fr\/index.php?rest_route=%2Fwp%2Fv2%2Fcomments&post=72"}],"version-history":[{"count":4,"href":"https:\/\/cts-frasnoy.fr\/index.php?rest_route=\/wp\/v2\/pages\/72\/revisions"}],"predecessor-version":[{"id":173,"href":"https:\/\/cts-frasnoy.fr\/index.php?rest_route=\/wp\/v2\/pages\/72\/revisions\/173"}],"wp:attachment":[{"href":"https:\/\/cts-frasnoy.fr\/index.php?rest_route=%2Fwp%2Fv2%2Fmedia&parent=72"}],"curies":[{"name":"wp","href":"https:\/\/api.w.org\/{rel}","templated":true}]}}