{"id":67,"date":"2023-11-02T14:03:41","date_gmt":"2023-11-02T13:03:41","guid":{"rendered":"https:\/\/cts-frasnoy.fr\/?page_id=67"},"modified":"2023-11-03T09:59:50","modified_gmt":"2023-11-03T08:59:50","slug":"accueil","status":"publish","type":"page","link":"https:\/\/cts-frasnoy.fr\/?page_id=67","title":{"rendered":"A &#8211; ACCUEIL"},"content":{"rendered":"\n<p class=\"has-pale-cyan-blue-background-color has-background has-large-font-size\" style=\"font-style:normal;font-weight:700\"><em>Bienvenue au Club de Tir Sportif de FRASNOY<\/em><\/p>\n\n\n\n<p class=\"has-pale-cyan-blue-background-color has-background has-medium-font-size\"><strong><em>L&rsquo;Association \u00ab\u00a0Foyer de la Joyeuse Fr\u00eanaie\u00a0\u00bb a \u00e9t\u00e9 fond\u00e9e en 1989 par quelques b\u00e9n\u00e9voles d\u00e9sireux d&rsquo;animer le village en organisant des manifestations, culturelles, sportives et de loisirs.<\/em><\/strong><\/p>\n\n\n\n<p class=\"has-pale-cyan-blue-background-color has-background\"><em>La section sportive commen\u00e7a par organiser d&rsquo;importants ball-trap, richement dot\u00e9s, qui sont rest\u00e9s dans les m\u00e9moires et qui attiraient de nombreux tireurs jusqu&rsquo;au del\u00e0 de notre r\u00e9gion. Par la suite, en accord avec la municipalit\u00e9, la pratique du tir \u00e0 la carabine et au pistolet s&rsquo;est faite sous le pr\u00e9au de l&rsquo;\u00e9cole communale avec une douzaine de mordus. Les conditions \u00e9tant pour le moins rudimentaires, Monsieur Le Maire nous autorisa provisoirement \u00e0 monter un stand dans la salle des f\u00eates (qui \u00e0 l&rsquo;\u00e9poque n&rsquo;\u00e9tait pas r\u00e9nov\u00e9e). Lors d&rsquo;une assembl\u00e9e g\u00e9n\u00e9rale, en date du 05 Avril 1992, l&rsquo;affiliation \u00e0 la F\u00e9d\u00e9ration Fran\u00e7aise de Tir fut d\u00e9cid\u00e9e. A partir de ce moment la construction de locaux appropri\u00e9s et beaucoup plus fonctionnels, sur un terrain priv\u00e9, est envisag\u00e9e. C&rsquo;est \u00e0 l&rsquo;issue de nombreuses d\u00e9marches administratives, d&rsquo;autorisations, et la r\u00e9alisation de stands 10 et 25 m\u00e8tres par des b\u00e9n\u00e9voles du village que le tir sportif a v\u00e9ritablement commenc\u00e9. Le 21 Mars 1997, les conditions de fonctionnement sp\u00e9cifique \u00e0 la pratique du tir nous am\u00e8nent \u00e0 nous s\u00e9parer du \u00ab\u00a0Foyer de la Joyeuse Fr\u00eanaie\u00a0\u00bb et \u00e0 cr\u00e9er l&rsquo;association \u00ab\u00a0Club de Tir Sportif de Frasnoy\u00a0\u00bb. Les ann\u00e9es suivantes, le d\u00e9veloppement du tir ludique et de comp\u00e9tition a attir\u00e9 de nombreux adeptes et notre effectif est aujourd&rsquo;hui d&rsquo;environ 120 adh\u00e9rents. Nous pratiquons les disciplines Pistolet 10 et 25 m\u00e8tres dans un milieu tr\u00e8s convivial en veillant au respect des r\u00e8gles de s\u00e9curit\u00e9. Notons qu&rsquo;il est possible de pratiquer la discipline 50m bien que nous ne poss\u00e9dions pas de stand pour cette distance. Deux de nos tireurs sont Champions de France sur 50m. Le club est repr\u00e9sent\u00e9 dans les comp\u00e9titions D\u00e9partementales, R\u00e9gionales et Nationales.<\/em> <\/p>\n\n\n\n<p class=\"has-pale-cyan-blue-background-color has-background\"><strong><em>Les nombreux b\u00e9n\u00e9voles du village qui ont travaill\u00e9 \u00e0 la cr\u00e9ation et\/ou \u00e0 la construction de notre club sont ici chaleureusement remerci\u00e9s.<\/em><\/strong><\/p>\n\n\n\n<p class=\"has-text-align-center has-pale-cyan-blue-background-color has-background has-large-font-size\"><strong><u><em>Tir Sportif \/ Tir de Loisir : Un accord parfait<\/em><\/u><\/strong><\/p>\n\n\n\n<p class=\"has-pale-cyan-blue-background-color has-background\"><strong><em>Pour d\u00e9couvrir la discipline \u00ab\u00a0Pistolet\u00a0\u00bb pratiqu\u00e9e par notre club voir la page \u00ab\u00a0les comp\u00e9titions<\/em>\u00ab\u00a0.<\/strong><\/p>\n","protected":false},"excerpt":{"rendered":"<p>Bienvenue au Club de Tir Sportif de FRASNOY L&rsquo;Association \u00ab\u00a0Foyer de la Joyeuse Fr\u00eanaie\u00a0\u00bb a \u00e9t\u00e9 fond\u00e9e en 1989 par quelques b\u00e9n\u00e9voles d\u00e9sireux d&rsquo;animer le village en organisant des manifestations, culturelles, sportives et de loisirs. La section sportive commen\u00e7a par organiser d&rsquo;importants ball-trap, richement dot\u00e9s, qui sont rest\u00e9s dans les m\u00e9moires et qui attiraient de [&hellip;]<\/p>\n","protected":false},"author":1,"featured_media":0,"parent":0,"menu_order":0,"comment_status":"closed","ping_status":"closed","template":"","meta":{"footnotes":""},"class_list":["post-67","page","type-page","status-publish","hentry"],"_links":{"self":[{"href":"https:\/\/cts-frasnoy.fr\/index.php?rest_route=\/wp\/v2\/pages\/67","targetHints":{"allow":["GET"]}}],"collection":[{"href":"https:\/\/cts-frasnoy.fr\/index.php?rest_route=\/wp\/v2\/pages"}],"about":[{"href":"https:\/\/cts-frasnoy.fr\/index.php?rest_route=\/wp\/v2\/types\/page"}],"author":[{"embeddable":true,"href":"https:\/\/cts-frasnoy.fr\/index.php?rest_route=\/wp\/v2\/users\/1"}],"replies":[{"embeddable":true,"href":"https:\/\/cts-frasnoy.fr\/index.php?rest_route=%2Fwp%2Fv2%2Fcomments&post=67"}],"version-history":[{"count":3,"href":"https:\/\/cts-frasnoy.fr\/index.php?rest_route=\/wp\/v2\/pages\/67\/revisions"}],"predecessor-version":[{"id":171,"href":"https:\/\/cts-frasnoy.fr\/index.php?rest_route=\/wp\/v2\/pages\/67\/revisions\/171"}],"wp:attachment":[{"href":"https:\/\/cts-frasnoy.fr\/index.php?rest_route=%2Fwp%2Fv2%2Fmedia&parent=67"}],"curies":[{"name":"wp","href":"https:\/\/api.w.org\/{rel}","templated":true}]}}