{"id":106,"date":"2023-11-03T09:05:13","date_gmt":"2023-11-03T08:05:13","guid":{"rendered":"https:\/\/cts-frasnoy.fr\/?page_id=106"},"modified":"2023-11-03T10:01:22","modified_gmt":"2023-11-03T09:01:22","slug":"10-animations-manifestations","status":"publish","type":"page","link":"https:\/\/cts-frasnoy.fr\/?page_id=106","title":{"rendered":"J &#8211; ANIMATIONS \/  MANIFESTATIONS"},"content":{"rendered":"<p class=\"western\"><strong><em>&#8211; Concours internes : Un concours est r\u00e9alis\u00e9 durant la saison avec des \u00e9preuves vari\u00e9es et combin\u00e9es qui permettent l&rsquo;usage d&rsquo;armes de poing et d&rsquo;armes d&rsquo;\u00e9paule. <\/em><\/strong><\/p>\n<p class=\"western\"><strong><em>&#8211; Challenges du pr\u00e9sident : Ils sont organis\u00e9s toute l&rsquo;ann\u00e9e, leurs dur\u00e9es est de 3 mois \u00e0 l&rsquo;issue desquels un classement et une remise de r\u00e9compenses sont effectu\u00e9s.<\/em><\/strong><\/p>\n<p class=\"western\"><strong><em>&#8211; Chaque ann\u00e9e le club participe au T\u00e9l\u00e9thon par des activit\u00e9s ludiques. <\/em><\/strong><strong><em>La collecte des dons est totalement vers\u00e9e \u00e0 l&rsquo;AFM.<\/em><\/strong><\/p>\n","protected":false},"excerpt":{"rendered":"<p>&#8211; Concours internes : Un concours est r\u00e9alis\u00e9 durant la saison avec des \u00e9preuves vari\u00e9es et combin\u00e9es qui permettent l&rsquo;usage d&rsquo;armes de poing et d&rsquo;armes d&rsquo;\u00e9paule. &#8211; Challenges du pr\u00e9sident : Ils sont organis\u00e9s toute l&rsquo;ann\u00e9e, leurs dur\u00e9es est de 3 mois \u00e0 l&rsquo;issue desquels un classement et une remise de r\u00e9compenses sont effectu\u00e9s. &#8211; [&hellip;]<\/p>\n","protected":false},"author":1,"featured_media":0,"parent":0,"menu_order":0,"comment_status":"closed","ping_status":"closed","template":"","meta":{"footnotes":""},"class_list":["post-106","page","type-page","status-publish","hentry"],"_links":{"self":[{"href":"https:\/\/cts-frasnoy.fr\/index.php?rest_route=\/wp\/v2\/pages\/106","targetHints":{"allow":["GET"]}}],"collection":[{"href":"https:\/\/cts-frasnoy.fr\/index.php?rest_route=\/wp\/v2\/pages"}],"about":[{"href":"https:\/\/cts-frasnoy.fr\/index.php?rest_route=\/wp\/v2\/types\/page"}],"author":[{"embeddable":true,"href":"https:\/\/cts-frasnoy.fr\/index.php?rest_route=\/wp\/v2\/users\/1"}],"replies":[{"embeddable":true,"href":"https:\/\/cts-frasnoy.fr\/index.php?rest_route=%2Fwp%2Fv2%2Fcomments&post=106"}],"version-history":[{"count":3,"href":"https:\/\/cts-frasnoy.fr\/index.php?rest_route=\/wp\/v2\/pages\/106\/revisions"}],"predecessor-version":[{"id":180,"href":"https:\/\/cts-frasnoy.fr\/index.php?rest_route=\/wp\/v2\/pages\/106\/revisions\/180"}],"wp:attachment":[{"href":"https:\/\/cts-frasnoy.fr\/index.php?rest_route=%2Fwp%2Fv2%2Fmedia&parent=106"}],"curies":[{"name":"wp","href":"https:\/\/api.w.org\/{rel}","templated":true}]}}